{"id":2,"date":"2020-08-05T18:33:14","date_gmt":"2020-08-05T18:33:14","guid":{"rendered":"https:\/\/seoperu-ambientedepruebas.com\/webs\/reumatologos\/?page_id=2"},"modified":"2023-10-24T12:12:19","modified_gmt":"2023-10-24T17:12:19","slug":"pagina-de-ejemplo","status":"publish","type":"page","link":"https:\/\/reumatologolima.com.pe\/blog\/","title":{"rendered":"Blog"},"content":{"rendered":"","protected":false},"excerpt":{"rendered":"","protected":false},"author":1,"featured_media":0,"parent":0,"menu_order":0,"comment_status":"closed","ping_status":"open","template":"index.php","meta":{"footnotes":""},"class_list":["post-2","page","type-page","status-publish","hentry"],"yoast_head":"<!-- This site is optimized with the Yoast SEO plugin v24.2 - https:\/\/yoast.com\/wordpress\/plugins\/seo\/ -->\n<title>Blog - Dr. Iv\u00e1n Vargas Matos<\/title>\n<meta name=\"description\" content=\"&quot;Tu fuente confiable de informaci\u00f3n sobre enfermedades reum\u00e1ticas. Art\u00edculos detallados y consejos para gestionar el dolor.&quot;\" \/>\n<meta name=\"robots\" content=\"index, follow, max-snippet:-1, max-image-preview:large, max-video-preview:-1\" \/>\n<link rel=\"canonical\" href=\"https:\/\/reumatologolima.com.pe\/blog\/\" \/>\n<meta property=\"og:locale\" content=\"es_ES\" \/>\n<meta property=\"og:type\" content=\"article\" \/>\n<meta property=\"og:title\" content=\"Blog - Dr. Iv\u00e1n Vargas Matos\" \/>\n<meta property=\"og:description\" content=\"&quot;Tu fuente confiable de informaci\u00f3n sobre enfermedades reum\u00e1ticas. Art\u00edculos detallados y consejos para gestionar el dolor.&quot;\" \/>\n<meta property=\"og:url\" content=\"https:\/\/reumatologolima.com.pe\/blog\/\" \/>\n<meta property=\"og:site_name\" content=\"Blog - Dr. Iv\u00e1n Vargas Matos\" \/>\n<meta property=\"article:modified_time\" content=\"2023-10-24T17:12:19+00:00\" \/>\n<meta name=\"twitter:card\" content=\"summary_large_image\" \/>\n<script type=\"application\/ld+json\" class=\"yoast-schema-graph\">{\"@context\":\"https:\/\/schema.org\",\"@graph\":[{\"@type\":\"WebPage\",\"@id\":\"https:\/\/reumatologolima.com.pe\/blog\/\",\"url\":\"https:\/\/reumatologolima.com.pe\/blog\/\",\"name\":\"Blog - Dr. Iv\u00e1n Vargas Matos\",\"isPartOf\":{\"@id\":\"https:\/\/reumatologolima.com.pe\/blog\/#website\"},\"datePublished\":\"2020-08-05T18:33:14+00:00\",\"dateModified\":\"2023-10-24T17:12:19+00:00\",\"description\":\"\\\"Tu fuente confiable de informaci\u00f3n sobre enfermedades reum\u00e1ticas. Art\u00edculos detallados y consejos para gestionar el dolor.\\\"\",\"breadcrumb\":{\"@id\":\"https:\/\/reumatologolima.com.pe\/blog\/#breadcrumb\"},\"inLanguage\":\"es-PE\",\"potentialAction\":[{\"@type\":\"ReadAction\",\"target\":[\"https:\/\/reumatologolima.com.pe\/blog\/\"]}]},{\"@type\":\"BreadcrumbList\",\"@id\":\"https:\/\/reumatologolima.com.pe\/blog\/#breadcrumb\",\"itemListElement\":[{\"@type\":\"ListItem\",\"position\":1,\"name\":\"Portada\",\"item\":\"https:\/\/reumatologolima.com.pe\/blog\/\"},{\"@type\":\"ListItem\",\"position\":2,\"name\":\"Blog\"}]},{\"@type\":\"WebSite\",\"@id\":\"https:\/\/reumatologolima.com.pe\/blog\/#website\",\"url\":\"https:\/\/reumatologolima.com.pe\/blog\/\",\"name\":\"Blog - Dr. Iv\u00e1n Vargas Matos\",\"description\":\"Bienvenidos a Nuestro Blog De Noticias\",\"potentialAction\":[{\"@type\":\"SearchAction\",\"target\":{\"@type\":\"EntryPoint\",\"urlTemplate\":\"https:\/\/reumatologolima.com.pe\/blog\/?s={search_term_string}\"},\"query-input\":{\"@type\":\"PropertyValueSpecification\",\"valueRequired\":true,\"valueName\":\"search_term_string\"}}],\"inLanguage\":\"es-PE\"}]}<\/script>\n<!-- \/ Yoast SEO plugin. -->","yoast_head_json":{"title":"Blog - Dr. Iv\u00e1n Vargas Matos","description":"\"Tu fuente confiable de informaci\u00f3n sobre enfermedades reum\u00e1ticas. Art\u00edculos detallados y consejos para gestionar el dolor.\"","robots":{"index":"index","follow":"follow","max-snippet":"max-snippet:-1","max-image-preview":"max-image-preview:large","max-video-preview":"max-video-preview:-1"},"canonical":"https:\/\/reumatologolima.com.pe\/blog\/","og_locale":"es_ES","og_type":"article","og_title":"Blog - Dr. Iv\u00e1n Vargas Matos","og_description":"\"Tu fuente confiable de informaci\u00f3n sobre enfermedades reum\u00e1ticas. Art\u00edculos detallados y consejos para gestionar el dolor.\"","og_url":"https:\/\/reumatologolima.com.pe\/blog\/","og_site_name":"Blog - Dr. Iv\u00e1n Vargas Matos","article_modified_time":"2023-10-24T17:12:19+00:00","twitter_card":"summary_large_image","schema":{"@context":"https:\/\/schema.org","@graph":[{"@type":"WebPage","@id":"https:\/\/reumatologolima.com.pe\/blog\/","url":"https:\/\/reumatologolima.com.pe\/blog\/","name":"Blog - Dr. Iv\u00e1n Vargas Matos","isPartOf":{"@id":"https:\/\/reumatologolima.com.pe\/blog\/#website"},"datePublished":"2020-08-05T18:33:14+00:00","dateModified":"2023-10-24T17:12:19+00:00","description":"\"Tu fuente confiable de informaci\u00f3n sobre enfermedades reum\u00e1ticas. Art\u00edculos detallados y consejos para gestionar el dolor.\"","breadcrumb":{"@id":"https:\/\/reumatologolima.com.pe\/blog\/#breadcrumb"},"inLanguage":"es-PE","potentialAction":[{"@type":"ReadAction","target":["https:\/\/reumatologolima.com.pe\/blog\/"]}]},{"@type":"BreadcrumbList","@id":"https:\/\/reumatologolima.com.pe\/blog\/#breadcrumb","itemListElement":[{"@type":"ListItem","position":1,"name":"Portada","item":"https:\/\/reumatologolima.com.pe\/blog\/"},{"@type":"ListItem","position":2,"name":"Blog"}]},{"@type":"WebSite","@id":"https:\/\/reumatologolima.com.pe\/blog\/#website","url":"https:\/\/reumatologolima.com.pe\/blog\/","name":"Blog - Dr. Iv\u00e1n Vargas Matos","description":"Bienvenidos a Nuestro Blog De Noticias","potentialAction":[{"@type":"SearchAction","target":{"@type":"EntryPoint","urlTemplate":"https:\/\/reumatologolima.com.pe\/blog\/?s={search_term_string}"},"query-input":{"@type":"PropertyValueSpecification","valueRequired":true,"valueName":"search_term_string"}}],"inLanguage":"es-PE"}]}},"_links":{"self":[{"href":"https:\/\/reumatologolima.com.pe\/blog\/wp-json\/wp\/v2\/pages\/2","targetHints":{"allow":["GET"]}}],"collection":[{"href":"https:\/\/reumatologolima.com.pe\/blog\/wp-json\/wp\/v2\/pages"}],"about":[{"href":"https:\/\/reumatologolima.com.pe\/blog\/wp-json\/wp\/v2\/types\/page"}],"author":[{"embeddable":true,"href":"https:\/\/reumatologolima.com.pe\/blog\/wp-json\/wp\/v2\/users\/1"}],"replies":[{"embeddable":true,"href":"https:\/\/reumatologolima.com.pe\/blog\/wp-json\/wp\/v2\/comments?post=2"}],"version-history":[{"count":2,"href":"https:\/\/reumatologolima.com.pe\/blog\/wp-json\/wp\/v2\/pages\/2\/revisions"}],"predecessor-version":[{"id":5,"href":"https:\/\/reumatologolima.com.pe\/blog\/wp-json\/wp\/v2\/pages\/2\/revisions\/5"}],"wp:attachment":[{"href":"https:\/\/reumatologolima.com.pe\/blog\/wp-json\/wp\/v2\/media?parent=2"}],"curies":[{"name":"wp","href":"https:\/\/api.w.org\/{rel}","templated":true}]}}